{"id":2261,"date":"2018-03-12T16:17:44","date_gmt":"2018-03-12T16:17:44","guid":{"rendered":"http:\/\/demo-content.kaliumtheme.com\/architecture\/?page_id=2261"},"modified":"2022-06-27T10:59:41","modified_gmt":"2022-06-27T08:59:41","slug":"contact","status":"publish","type":"page","link":"https:\/\/michaelgleissner.de\/en\/contact\/","title":{"rendered":"Contact"},"content":{"rendered":"<div class=\"wpb-content-wrapper\"><div class=\"vc-row-container container\"><div class=\"vc_row wpb_row vc_row-fluid vc_custom_1526305349843\"><div class=\"wpb_column vc_column_container vc_col-sm-6\"><div class=\"vc_column-inner\"><div class=\"wpb_wrapper\">\n\t<div class=\"wpb_text_column wpb_content_element vc_custom_1651136651722 page-title-size post-formatting\" >\n\t\t<div class=\"wpb_wrapper\">\n\t\t\t<h1>Contact<\/h1>\n\n\t\t<\/div>\n\t<\/div>\n<\/div><\/div><\/div><div class=\"wpb_column vc_column_container vc_col-sm-6\"><div class=\"vc_column-inner\"><div class=\"wpb_wrapper\">\n\t<div class=\"wpb_text_column wpb_content_element vc_custom_1651137223248 post-formatting\" >\n\t\t<div class=\"wpb_wrapper\">\n\t\t\t<p class=\"p1\">Would you like to present your company, your product or your service and are looking for an appropriate setting?<\/p>\n<p class=\"p1\">Talk to me - we will find just the right thing to introduce you to our network.<\/p>\n\n\t\t<\/div>\n\t<\/div>\n<\/div><\/div><\/div><\/div><\/div><div class=\"vc-row-container container parent--contact-row\"><div class=\"vc_row wpb_row vc_row-fluid contact-row\"><div class=\"wpb_column vc_column_container vc_col-sm-6\"><div class=\"vc_column-inner\"><div class=\"wpb_wrapper\">\n\t<div class=\"wpb_text_column wpb_content_element vc_custom_1651606259126 post-formatting\" >\n\t\t<div class=\"wpb_wrapper\">\n\t\t\t<h2><\/h2>\n\n\t\t<\/div>\n\t<\/div>\n<\/div><\/div><\/div><div class=\"wpb_column vc_column_container vc_col-sm-6\"><div class=\"vc_column-inner\"><div class=\"wpb_wrapper\">\n\t<div class=\"wpb_text_column wpb_content_element post-formatting\" >\n\t\t<div class=\"wpb_wrapper\">\n\t\t\t<p>Write me an e-mail in the form or contact me directly<\/p>\n<p>By e-mail to <span class=\"s1\"><a href=\"mailto:mg@michaelgleissner.de\">mg@michaelgleissner.de<\/a><\/span><\/p>\n<p>By telephone at <a href=\"http:\/\/+49 178 8288 673\">+49 (0)178 8288 673<\/a><\/p>\n\n\t\t<\/div>\n\t<\/div>\n<\/div><\/div><\/div><\/div><\/div><div class=\"vc-row-container container\"><div class=\"vc_row wpb_row vc_row-fluid vc_custom_1524841134745\"><div class=\"wpb_column vc_column_container vc_col-sm-12\"><div class=\"vc_column-inner\"><div class=\"wpb_wrapper\"><div class=\"lab-contact-form contact-form\">\n\n\t<form action=\"\" method=\"post\" class=\"contact-form\" id=\"el_69d6f46374c66\" data-alerts=\"1\" data-alerts-msg=\"Please fill &quot;%&quot; field.\" data-privacy-error-msg=\"You must check privacy policy checkbox in order to submit the form.\" novalidate data-trp-original-action=\"\">\n\n\t\t<div class=\"row\">\n\n    \t\t<div class=\"col-sm-6\">\n\t\t\t\t<div class=\"form-group labeled-input-row\">\n\t\t\t\t\t\t\t\t\t\t<label for=\"el_69d6f46374c66_name\">My name is<\/label>\n\t\t\t\t\t\t\t\t\t\t<input name=\"name\" id=\"el_69d6f46374c66_name\" type=\"text\" placeholder=\"\" data-label=\"Mein Name ist\">\n\t\t\t\t<\/div>\n    \t\t<\/div>\n\n\t\t\t<div class=\"col-sm-6\">\n\t\t\t\t<div class=\"form-group labeled-input-row\">\n\t\t\t\t\t\t\t\t\t\t<label for=\"el_69d6f46374c66_email\">My e-mail is<\/label>\n\t\t\t\t\t\t\t\t\t\t<input name=\"email\" id=\"el_69d6f46374c66_email\" type=\"email\" placeholder=\"\" data-label=\"Meine E-Mail lautet\">\n\t\t\t\t<\/div>\n\t\t\t<\/div>\n\n\t\t\t\n\t\t\t<div class=\"col-sm-12\">\n\t\t\t\t<div class=\"form-group labeled-textarea-row\">\n\t\t\t\t\t\t\t\t\t\t<label for=\"el_69d6f46374c66_message\">Message<\/label>\n\t\t\t\t\t\t\t\t\t\t<textarea name=\"message\" id=\"el_69d6f46374c66_message\" placeholder=\"\" data-label=\"Nachricht\"><\/textarea>\n\t\t\t\t<\/div>\n\t\t\t<\/div>\n\n\t\t<\/div><!-- row -->\n\n\t\t\n\t\t\t\t\t<div class=\"form-group contact-form-privacy-policy\">\n\n\t\t\t\t<label>\n\t\t\t\t\t<input type=\"checkbox\" name=\"privacy_policy_check\" \/>\n\t\t\t\t\t<span>I have read and agree to the <a href=\"\/en\/datenschutzerklaerung\/\">Privacy Policy<\/a> .<\/span>\n\t\t\t\t<\/label>\n\n\t\t\t<\/div>\n\t\t\n\t\t<button type=\"submit\" name=\"send\" class=\"button\">\n\t\t\t<span class=\"pre-submit\">Send now<\/span>\n\t\t\t<span class=\"success-msg\">Danke, Ihre Nachricht wurde verschickt! <i class=\"flaticon-verification24\"><\/i><\/span>\n\t\t\t<span class=\"loading-bar\">\n\t\t\t\t<span><\/span>\n\t\t\t<\/span>\n\t\t<\/button>\n\n\t<input type=\"hidden\" name=\"trp-form-language\" value=\"en\"\/><\/form>\n\n<\/div><\/div><\/div><\/div><\/div><\/div>\n<\/div>","protected":false},"excerpt":{"rendered":"Kontakt Sie m\u00f6chten Ihre Firma, Ihr Produkt oder Ihre Dienstleistung pr\u00e4sentieren und suchen hierf\u00fcr einen angemessenen Rahmen? Sprechen Sie mich an \u2013 wir werden genau das Passende finden, um Sie in unserem Netzwerk bekannt zu machen. Schreiben Sie mir eine E-Mail im Formular oder kontaktieren Sie mich direkt Per E-Mail an mg@michaelgleissner.de Telefonisch unter +49&hellip;","protected":false},"author":1,"featured_media":0,"parent":0,"menu_order":0,"comment_status":"open","ping_status":"open","template":"","meta":{"_acf_changed":false,"footnotes":""},"class_list":["post-2261","page","type-page","status-publish","hentry"],"acf":[],"_links":{"self":[{"href":"https:\/\/michaelgleissner.de\/en\/wp-json\/wp\/v2\/pages\/2261","targetHints":{"allow":["GET"]}}],"collection":[{"href":"https:\/\/michaelgleissner.de\/en\/wp-json\/wp\/v2\/pages"}],"about":[{"href":"https:\/\/michaelgleissner.de\/en\/wp-json\/wp\/v2\/types\/page"}],"author":[{"embeddable":true,"href":"https:\/\/michaelgleissner.de\/en\/wp-json\/wp\/v2\/users\/1"}],"replies":[{"embeddable":true,"href":"https:\/\/michaelgleissner.de\/en\/wp-json\/wp\/v2\/comments?post=2261"}],"version-history":[{"count":12,"href":"https:\/\/michaelgleissner.de\/en\/wp-json\/wp\/v2\/pages\/2261\/revisions"}],"predecessor-version":[{"id":5223,"href":"https:\/\/michaelgleissner.de\/en\/wp-json\/wp\/v2\/pages\/2261\/revisions\/5223"}],"wp:attachment":[{"href":"https:\/\/michaelgleissner.de\/en\/wp-json\/wp\/v2\/media?parent=2261"}],"curies":[{"name":"wp","href":"https:\/\/api.w.org\/{rel}","templated":true}]}}